{"id":12217,"date":"2020-09-09T12:30:14","date_gmt":"2020-09-09T10:30:14","guid":{"rendered":"https:\/\/www.verdemategreen.com\/pol\/?page_id=12217"},"modified":"2020-09-09T12:34:04","modified_gmt":"2020-09-09T10:34:04","slug":"materialy-do-pobrania-zdjecia-produktow","status":"publish","type":"page","link":"https:\/\/www.verdemategreen.com\/pol\/materialy-do-pobrania-zdjecia-produktow\/","title":{"rendered":"Materia\u0142y do pobrania \u2013 zdj\u0119cia produkt\u00f3w"},"content":{"rendered":"\t\t<div data-elementor-type=\"wp-page\" data-elementor-id=\"12217\" class=\"elementor elementor-12217\" data-elementor-settings=\"[]\">\n\t\t\t\t\t\t<div class=\"elementor-inner\">\n\t\t\t\t\t\t\t<div class=\"elementor-section-wrap\">\n\t\t\t\t\t\t\t<section class=\"elementor-section elementor-top-section elementor-element elementor-element-10ef021 elementor-section-boxed elementor-section-height-default elementor-section-height-default\" data-id=\"10ef021\" data-element_type=\"section\">\n\t\t\t\t\t\t<div class=\"elementor-container elementor-column-gap-default\">\n\t\t\t\t\t\t\t<div class=\"elementor-row\">\n\t\t\t\t\t<div class=\"elementor-column elementor-col-100 elementor-top-column elementor-element elementor-element-4fd21bb8\" data-id=\"4fd21bb8\" data-element_type=\"column\">\n\t\t\t<div class=\"elementor-column-wrap elementor-element-populated\">\n\t\t\t\t\t\t\t<div class=\"elementor-widget-wrap\">\n\t\t\t\t\t\t<div class=\"elementor-element elementor-element-4a2e83c elementor-widget elementor-widget-text-editor\" data-id=\"4a2e83c\" data-element_type=\"widget\" data-widget_type=\"text-editor.default\">\n\t\t\t\t<div class=\"elementor-widget-container\">\n\t\t\t\t\t<div class=\"elementor-text-editor elementor-clearfix\"><!-- wp:paragraph -->\n<p>Je\u015bli s\u0105 Pa\u0144stwo zainteresowani zdj\u0119ciami naszych produkt\u00f3w &#8211; mo\u017cna je pobra\u0107 pod tym linkiem. Zdj\u0119cia s\u0105 dost\u0119pne tak\u017ce do u\u017cytku komercyjnego.<\/p>\n<!-- \/wp:paragraph --><\/div>\n\t\t\t\t<\/div>\n\t\t\t\t<\/div>\n\t\t\t\t<div class=\"elementor-element elementor-element-403df07 elementor-align-center elementor-widget elementor-widget-button\" data-id=\"403df07\" data-element_type=\"widget\" data-widget_type=\"button.default\">\n\t\t\t\t<div class=\"elementor-widget-container\">\n\t\t\t\t\t<div class=\"elementor-button-wrapper\">\n\t\t\t<a href=\"http:\/\/verdemategreen.com\/VerdeMate_img.zip\" class=\"elementor-button-link elementor-button elementor-size-lg\" role=\"button\">\n\t\t\t\t\t\t<span class=\"elementor-button-content-wrapper\">\n\t\t\t\t\t\t<span class=\"elementor-button-icon elementor-align-icon-left\">\n\t\t\t\t<i aria-hidden=\"true\" class=\"fas fa-cloud-download-alt\"><\/i>\t\t\t<\/span>\n\t\t\t\t\t\t<span class=\"elementor-button-text\">Pobierz zdj\u0119cia<\/span>\n\t\t<\/span>\n\t\t\t\t\t<\/a>\n\t\t<\/div>\n\t\t\t\t<\/div>\n\t\t\t\t<\/div>\n\t\t\t\t\t\t<\/div>\n\t\t\t\t\t<\/div>\n\t\t<\/div>\n\t\t\t\t\t\t\t\t<\/div>\n\t\t\t\t\t<\/div>\n\t\t<\/section>\n\t\t\t\t\t\t<\/div>\n\t\t\t\t\t\t<\/div>\n\t\t\t\t\t<\/div>\n\t\t","protected":false},"excerpt":{"rendered":"<p>Je\u015bli s\u0105 Pa\u0144stwo zainteresowani zdj\u0119ciami naszych produkt\u00f3w &#8211; mo\u017cna je&hellip;<\/p>\n<p> <a class=\"more-link\" href=\"https:\/\/www.verdemategreen.com\/pol\/materialy-do-pobrania-zdjecia-produktow\/\">Czytaj dalej<\/a><\/p>\n","protected":false},"author":1,"featured_media":0,"parent":0,"menu_order":0,"comment_status":"closed","ping_status":"closed","template":"","meta":[],"aioseo_notices":[],"_links":{"self":[{"href":"https:\/\/www.verdemategreen.com\/pol\/wp-json\/wp\/v2\/pages\/12217"}],"collection":[{"href":"https:\/\/www.verdemategreen.com\/pol\/wp-json\/wp\/v2\/pages"}],"about":[{"href":"https:\/\/www.verdemategreen.com\/pol\/wp-json\/wp\/v2\/types\/page"}],"author":[{"embeddable":true,"href":"https:\/\/www.verdemategreen.com\/pol\/wp-json\/wp\/v2\/users\/1"}],"replies":[{"embeddable":true,"href":"https:\/\/www.verdemategreen.com\/pol\/wp-json\/wp\/v2\/comments?post=12217"}],"version-history":[{"count":3,"href":"https:\/\/www.verdemategreen.com\/pol\/wp-json\/wp\/v2\/pages\/12217\/revisions"}],"predecessor-version":[{"id":12220,"href":"https:\/\/www.verdemategreen.com\/pol\/wp-json\/wp\/v2\/pages\/12217\/revisions\/12220"}],"wp:attachment":[{"href":"https:\/\/www.verdemategreen.com\/pol\/wp-json\/wp\/v2\/media?parent=12217"}],"curies":[{"name":"wp","href":"https:\/\/api.w.org\/{rel}","templated":true}]}}