{"id":12261,"date":"2020-09-09T14:01:59","date_gmt":"2020-09-09T12:01:59","guid":{"rendered":"https:\/\/www.verdemategreen.com\/esp\/?page_id=12261"},"modified":"2023-11-27T16:28:24","modified_gmt":"2023-11-27T15:28:24","slug":"gdzie-kupic-verde-mate-green","status":"publish","type":"page","link":"https:\/\/www.verdemategreen.com\/esp\/gdzie-kupic-verde-mate-green\/","title":{"rendered":"Gdzie kupi\u0107 Verde Mate Green?"},"content":{"rendered":"\t\t<div data-elementor-type=\"wp-page\" data-elementor-id=\"12261\" class=\"elementor elementor-12261\">\n\t\t\t\t\t\t<div class=\"elementor-inner\">\n\t\t\t\t<div class=\"elementor-section-wrap\">\n\t\t\t\t\t\t\t\t\t<section class=\"elementor-section elementor-top-section elementor-element elementor-element-fb7f993 elementor-section-boxed elementor-section-height-default elementor-section-height-default\" data-id=\"fb7f993\" data-element_type=\"section\">\n\t\t\t\t\t\t<div class=\"elementor-container elementor-column-gap-default\">\n\t\t\t\t\t\t\t<div class=\"elementor-row\">\n\t\t\t\t\t<div class=\"elementor-column elementor-col-100 elementor-top-column elementor-element elementor-element-492b0fc\" data-id=\"492b0fc\" data-element_type=\"column\">\n\t\t\t<div class=\"elementor-column-wrap elementor-element-populated\">\n\t\t\t\t\t\t\t<div class=\"elementor-widget-wrap\">\n\t\t\t\t\t\t<section class=\"elementor-section elementor-inner-section elementor-element elementor-element-30d5727 elementor-section-boxed elementor-section-height-default elementor-section-height-default\" data-id=\"30d5727\" data-element_type=\"section\">\n\t\t\t\t\t\t<div class=\"elementor-container elementor-column-gap-default\">\n\t\t\t\t\t\t\t<div class=\"elementor-row\">\n\t\t\t\t\t<div class=\"elementor-column elementor-col-100 elementor-inner-column elementor-element elementor-element-0d06aa7\" data-id=\"0d06aa7\" data-element_type=\"column\">\n\t\t\t<div class=\"elementor-column-wrap elementor-element-populated\">\n\t\t\t\t\t\t\t<div class=\"elementor-widget-wrap\">\n\t\t\t\t\t\t<div class=\"elementor-element elementor-element-759ea22 elementor-widget elementor-widget-text-editor\" data-id=\"759ea22\" data-element_type=\"widget\" data-widget_type=\"text-editor.default\">\n\t\t\t\t<div class=\"elementor-widget-container\">\n\t\t\t\t\t\t\t\t<div class=\"elementor-text-editor elementor-clearfix\">\n\t\t\t\t<p style=\"text-align: center;\">Verde Mate Green mo\u017cna kupi\u0107 w nast\u0119puj\u0105cych sklepach internetowych lub stacjonarnych:<\/p>\t\t\t\t\t<\/div>\n\t\t\t\t\t\t<\/div>\n\t\t\t\t<\/div>\n\t\t\t\t\t\t<\/div>\n\t\t\t\t\t<\/div>\n\t\t<\/div>\n\t\t\t\t\t\t\t\t<\/div>\n\t\t\t\t\t<\/div>\n\t\t<\/section>\n\t\t\t\t<section class=\"elementor-section elementor-inner-section elementor-element elementor-element-9c93b37 elementor-section-boxed elementor-section-height-default elementor-section-height-default\" data-id=\"9c93b37\" data-element_type=\"section\">\n\t\t\t\t\t\t<div class=\"elementor-container elementor-column-gap-default\">\n\t\t\t\t\t\t\t<div class=\"elementor-row\">\n\t\t\t\t\t<div class=\"elementor-column elementor-col-33 elementor-inner-column elementor-element elementor-element-2eb20de\" data-id=\"2eb20de\" data-element_type=\"column\">\n\t\t\t<div class=\"elementor-column-wrap elementor-element-populated\">\n\t\t\t\t\t\t\t<div class=\"elementor-widget-wrap\">\n\t\t\t\t\t\t<div class=\"elementor-element elementor-element-112ee29 elementor-widget elementor-widget-image\" data-id=\"112ee29\" data-element_type=\"widget\" data-widget_type=\"image.default\">\n\t\t\t\t<div class=\"elementor-widget-container\">\n\t\t\t\t\t\t\t\t<div class=\"elementor-image\">\n\t\t\t\t\t\t\t\t\t\t\t\t\t<a href=\"https:\/\/www.poyerbani.pl\">\n\t\t\t\t\t\t\t<img decoding=\"async\" width=\"300\" height=\"150\" src=\"https:\/\/www.verdemategreen.com\/esp\/wp-content\/uploads\/2020\/09\/logo_poyerbani_2_1-300x150.png\" class=\"attachment-medium size-medium wp-image-12264\" alt=\"\" loading=\"lazy\" srcset=\"https:\/\/www.verdemategreen.com\/esp\/wp-content\/uploads\/2020\/09\/logo_poyerbani_2_1-300x150.png 300w, https:\/\/www.verdemategreen.com\/esp\/wp-content\/uploads\/2020\/09\/logo_poyerbani_2_1-1024x512.png 1024w, https:\/\/www.verdemategreen.com\/esp\/wp-content\/uploads\/2020\/09\/logo_poyerbani_2_1-768x384.png 768w, https:\/\/www.verdemategreen.com\/esp\/wp-content\/uploads\/2020\/09\/logo_poyerbani_2_1-1536x768.png 1536w, https:\/\/www.verdemategreen.com\/esp\/wp-content\/uploads\/2020\/09\/logo_poyerbani_2_1.png 2000w\" sizes=\"(max-width: 300px) 100vw, 300px\" \/>\t\t\t\t\t\t\t\t<\/a>\n\t\t\t\t\t\t\t\t\t\t\t\t\t\t<\/div>\n\t\t\t\t\t\t<\/div>\n\t\t\t\t<\/div>\n\t\t\t\t<div class=\"elementor-element elementor-element-f30154d elementor-widget elementor-widget-heading\" data-id=\"f30154d\" data-element_type=\"widget\" data-widget_type=\"heading.default\">\n\t\t\t\t<div class=\"elementor-widget-container\">\n\t\t\t<h2 class=\"elementor-heading-title elementor-size-default\"><a href=\"https:\/\/www.poyerbani.pl\">poyerbani.pl<\/a><\/h2>\t\t<\/div>\n\t\t\t\t<\/div>\n\t\t\t\t<div class=\"elementor-element elementor-element-877331e elementor-widget elementor-widget-text-editor\" data-id=\"877331e\" data-element_type=\"widget\" data-widget_type=\"text-editor.default\">\n\t\t\t\t<div class=\"elementor-widget-container\">\n\t\t\t\t\t\t\t\t<div class=\"elementor-text-editor elementor-clearfix\">\n\t\t\t\t<p style=\"text-align: center;\">Detaliczny sklep z yerba mate online<\/p>\t\t\t\t\t<\/div>\n\t\t\t\t\t\t<\/div>\n\t\t\t\t<\/div>\n\t\t\t\t\t\t<\/div>\n\t\t\t\t\t<\/div>\n\t\t<\/div>\n\t\t\t\t<div class=\"elementor-column elementor-col-33 elementor-inner-column elementor-element elementor-element-1f50102\" data-id=\"1f50102\" data-element_type=\"column\">\n\t\t\t<div class=\"elementor-column-wrap elementor-element-populated\">\n\t\t\t\t\t\t\t<div class=\"elementor-widget-wrap\">\n\t\t\t\t\t\t<div class=\"elementor-element elementor-element-75a6d99 elementor-widget elementor-widget-image\" data-id=\"75a6d99\" data-element_type=\"widget\" data-widget_type=\"image.default\">\n\t\t\t\t<div class=\"elementor-widget-container\">\n\t\t\t\t\t\t\t\t<div class=\"elementor-image\">\n\t\t\t\t\t\t\t\t\t\t\t\t\t<a href=\"https:\/\/www.matemundo.pl\">\n\t\t\t\t\t\t\t<img decoding=\"async\" width=\"300\" height=\"150\" src=\"https:\/\/www.verdemategreen.com\/esp\/wp-content\/uploads\/2020\/09\/logo_matemundo_pl-2-1-300x150.png\" class=\"attachment-medium size-medium wp-image-12272\" alt=\"MateMundo.pl\" loading=\"lazy\" srcset=\"https:\/\/www.verdemategreen.com\/esp\/wp-content\/uploads\/2020\/09\/logo_matemundo_pl-2-1-300x150.png 300w, https:\/\/www.verdemategreen.com\/esp\/wp-content\/uploads\/2020\/09\/logo_matemundo_pl-2-1-768x384.png 768w, https:\/\/www.verdemategreen.com\/esp\/wp-content\/uploads\/2020\/09\/logo_matemundo_pl-2-1.png 1000w\" sizes=\"(max-width: 300px) 100vw, 300px\" \/>\t\t\t\t\t\t\t\t<\/a>\n\t\t\t\t\t\t\t\t\t\t\t\t\t\t<\/div>\n\t\t\t\t\t\t<\/div>\n\t\t\t\t<\/div>\n\t\t\t\t<div class=\"elementor-element elementor-element-f8784f1 elementor-widget elementor-widget-heading\" data-id=\"f8784f1\" data-element_type=\"widget\" data-widget_type=\"heading.default\">\n\t\t\t\t<div class=\"elementor-widget-container\">\n\t\t\t<h2 class=\"elementor-heading-title elementor-size-default\"><a href=\"https:\/\/www.matemundo.pl\">matemundo.pl<\/a><\/h2>\t\t<\/div>\n\t\t\t\t<\/div>\n\t\t\t\t<div class=\"elementor-element elementor-element-d6d58be elementor-widget elementor-widget-text-editor\" data-id=\"d6d58be\" data-element_type=\"widget\" data-widget_type=\"text-editor.default\">\n\t\t\t\t<div class=\"elementor-widget-container\">\n\t\t\t\t\t\t\t\t<div class=\"elementor-text-editor elementor-clearfix\">\n\t\t\t\t<p style=\"text-align: center;\">Detaliczny sklep z yerba mate online<\/p>\t\t\t\t\t<\/div>\n\t\t\t\t\t\t<\/div>\n\t\t\t\t<\/div>\n\t\t\t\t\t\t<\/div>\n\t\t\t\t\t<\/div>\n\t\t<\/div>\n\t\t\t\t<div class=\"elementor-column elementor-col-33 elementor-inner-column elementor-element elementor-element-56bd007\" data-id=\"56bd007\" data-element_type=\"column\">\n\t\t\t<div class=\"elementor-column-wrap elementor-element-populated\">\n\t\t\t\t\t\t\t<div class=\"elementor-widget-wrap\">\n\t\t\t\t\t\t<div class=\"elementor-element elementor-element-e0d64e2 elementor-widget elementor-widget-image\" data-id=\"e0d64e2\" data-element_type=\"widget\" data-widget_type=\"image.default\">\n\t\t\t\t<div class=\"elementor-widget-container\">\n\t\t\t\t\t\t\t\t<div class=\"elementor-image\">\n\t\t\t\t\t\t\t\t\t\t\t\t\t<a href=\"https:\/\/www.venusti.eu\">\n\t\t\t\t\t\t\t<img decoding=\"async\" width=\"300\" height=\"150\" src=\"https:\/\/www.verdemategreen.com\/esp\/wp-content\/uploads\/2023\/11\/venusti-eu-logo-300x150.png\" class=\"attachment-medium size-medium wp-image-12460\" alt=\"\" loading=\"lazy\" srcset=\"https:\/\/www.verdemategreen.com\/esp\/wp-content\/uploads\/2023\/11\/venusti-eu-logo-300x150.png 300w, https:\/\/www.verdemategreen.com\/esp\/wp-content\/uploads\/2023\/11\/venusti-eu-logo.png 640w\" sizes=\"(max-width: 300px) 100vw, 300px\" \/>\t\t\t\t\t\t\t\t<\/a>\n\t\t\t\t\t\t\t\t\t\t\t\t\t\t<\/div>\n\t\t\t\t\t\t<\/div>\n\t\t\t\t<\/div>\n\t\t\t\t<div class=\"elementor-element elementor-element-39d017c elementor-widget elementor-widget-heading\" data-id=\"39d017c\" data-element_type=\"widget\" data-widget_type=\"heading.default\">\n\t\t\t\t<div class=\"elementor-widget-container\">\n\t\t\t<h2 class=\"elementor-heading-title elementor-size-default\"><a href=\"https:\/\/www.venusti.eu\">Venusti.eu<\/a><\/h2>\t\t<\/div>\n\t\t\t\t<\/div>\n\t\t\t\t<div class=\"elementor-element elementor-element-cf65d4c elementor-widget elementor-widget-text-editor\" data-id=\"cf65d4c\" data-element_type=\"widget\" data-widget_type=\"text-editor.default\">\n\t\t\t\t<div class=\"elementor-widget-container\">\n\t\t\t\t\t\t\t\t<div class=\"elementor-text-editor elementor-clearfix\">\n\t\t\t\t<p style=\"text-align: center;\">Platforma hurtowa &#8211; sklep dla hurtownik\u00f3w<\/p>\t\t\t\t\t<\/div>\n\t\t\t\t\t\t<\/div>\n\t\t\t\t<\/div>\n\t\t\t\t\t\t<\/div>\n\t\t\t\t\t<\/div>\n\t\t<\/div>\n\t\t\t\t\t\t\t\t<\/div>\n\t\t\t\t\t<\/div>\n\t\t<\/section>\n\t\t\t\t\t\t<\/div>\n\t\t\t\t\t<\/div>\n\t\t<\/div>\n\t\t\t\t\t\t\t\t<\/div>\n\t\t\t\t\t<\/div>\n\t\t<\/section>\n\t\t\t\t\t\t\t\t\t<\/div>\n\t\t\t<\/div>\n\t\t\t\t\t<\/div>\n\t\t","protected":false},"excerpt":{"rendered":"<p>Verde Mate Green mo\u017cna kupi\u0107 w nast\u0119puj\u0105cych sklepach internetowych lub&hellip;<\/p>\n<p> <a class=\"more-link\" href=\"https:\/\/www.verdemategreen.com\/esp\/gdzie-kupic-verde-mate-green\/\">Czytaj dalej<\/a><\/p>\n","protected":false},"author":1,"featured_media":0,"parent":0,"menu_order":0,"comment_status":"closed","ping_status":"closed","template":"","meta":[],"aioseo_notices":[],"_links":{"self":[{"href":"https:\/\/www.verdemategreen.com\/esp\/wp-json\/wp\/v2\/pages\/12261"}],"collection":[{"href":"https:\/\/www.verdemategreen.com\/esp\/wp-json\/wp\/v2\/pages"}],"about":[{"href":"https:\/\/www.verdemategreen.com\/esp\/wp-json\/wp\/v2\/types\/page"}],"author":[{"embeddable":true,"href":"https:\/\/www.verdemategreen.com\/esp\/wp-json\/wp\/v2\/users\/1"}],"replies":[{"embeddable":true,"href":"https:\/\/www.verdemategreen.com\/esp\/wp-json\/wp\/v2\/comments?post=12261"}],"version-history":[{"count":15,"href":"https:\/\/www.verdemategreen.com\/esp\/wp-json\/wp\/v2\/pages\/12261\/revisions"}],"predecessor-version":[{"id":12463,"href":"https:\/\/www.verdemategreen.com\/esp\/wp-json\/wp\/v2\/pages\/12261\/revisions\/12463"}],"wp:attachment":[{"href":"https:\/\/www.verdemategreen.com\/esp\/wp-json\/wp\/v2\/media?parent=12261"}],"curies":[{"name":"wp","href":"https:\/\/api.w.org\/{rel}","templated":true}]}}